{"id":294,"date":"2021-06-18T17:04:21","date_gmt":"2021-06-18T17:04:21","guid":{"rendered":"http:\/\/ks-metal.pl\/index.php\/contact\/"},"modified":"2023-04-04T14:51:50","modified_gmt":"2023-04-04T14:51:50","slug":"contact","status":"publish","type":"page","link":"https:\/\/ks-metal.pl\/index.php\/contact\/","title":{"rendered":"Kontakt"},"content":{"rendered":"\n<div class=\"wp-block-citadela-blocks-custom-container citadela-block-custom-container size-content bg-type-image inside-space-none bg-size-cover has-bg has-overlay has-shadow has-min-height vertical-align-bottom\" style=\"min-height:300px;background-color:rgba(30, 24, 21, 1);box-shadow:inset 0px 50px 50px 0px rgba(30, 24, 21, 0.3)\"><div class=\"bg-image-wrapper\" style=\"background-image:url(https:\/\/ks-metal.pl\/wp-content\/uploads\/2023\/04\/firmbee-com-SpVHcbuKi6E-unsplash-scaled.jpg);background-repeat:no-repeat;background-position:50% 70%\"><\/div><div class=\"bg-image-overlay\" style=\"opacity:1;background-image:linear-gradient(60deg, rgba(22, 18, 15, 1) 0%, rgba(30, 24, 21, 0.15) 100%)\"><\/div><div class=\"inner-holder\">\n<div class=\"wp-block-citadela-blocks-spacer citadela-block-spacer responsive-options loading\" data-block-attr=\"{&quot;desktop&quot;:{&quot;height&quot;:&quot;7em&quot;},&quot;mobile&quot;:{&quot;height&quot;:&quot;4.5em&quot;}}\" data-block-mobile-breakpoint=\"600\"><div class=\"inner-holder\" style=\"padding-top:7em\"><\/div><\/div>\n\n\n\n<div class=\"wp-block-citadela-blocks-spacer citadela-block-spacer\"><div class=\"inner-holder\" style=\"padding-top:5vw\"><\/div><\/div>\n\n\n\n<div class=\"wp-block-columns alignwide is-layout-flex wp-container-core-columns-is-layout-9d6595d7 wp-block-columns-is-layout-flex\">\n<div class=\"wp-block-column is-layout-flow wp-block-column-is-layout-flow\" style=\"flex-basis:55%\">\n<div class=\"wp-block-citadela-blocks-custom-container citadela-block-custom-container size-content bg-type-none inside-space-large has-shadow vertical-align-top cover-height\" style=\"box-shadow:inset 1px 0px 0px 0px rgba(255, 255, 255, 0.2)\"><div class=\"inner-holder\">\n<div class=\"wp-block-citadela-blocks-spacer citadela-block-spacer negative-height responsive-options loading\" data-block-attr=\"{&quot;desktop&quot;:{&quot;height&quot;:&quot;-50px&quot;,&quot;negative&quot;:true},&quot;mobile&quot;:{&quot;height&quot;:&quot;-25px&quot;,&quot;negative&quot;:true}}\" data-block-mobile-breakpoint=\"400\"><div class=\"inner-holder\" style=\"margin-top:-50px\"><\/div><\/div>\n\n\n         <div \n            class=\"citadela-block-responsive-text align-left no-margins responsive-options loading\"\n            data-block-mobile-attr=\"{&quot;desktop&quot;:{&quot;fontSize&quot;:&quot;60px&quot;},&quot;mobile&quot;:{&quot;fontSize&quot;:&quot;42px&quot;}}\"            data-block-mobile-breakpoint=\"781\"         >\n            <h1 class=\"inner-tag\" style=\"font-size: 60px; letter-spacing: 0.025em; color: #ffffff;\">Gotowi do wyzwa\u0144<\/h1>         <\/div>\n      \n\n\n<div class=\"wp-block-citadela-blocks-spacer citadela-block-spacer\"><div class=\"inner-holder\" style=\"padding-top:1.5em\"><\/div><\/div>\n\n\n         <div \n            class=\"citadela-block-responsive-text weight-400 align-left\"\n                                 >\n            <h4 class=\"inner-tag\" style=\"font-size: 24px; font-weight: 400; line-height: 1.6; color: #ebe9e8;\">Solidno\u015b\u0107, precyzja, pasja<br>Twoje projekty w najlepszych r\u0119kach dla Twojego sukcesu<\/h4>         <\/div>\n      \n\n\n<div class=\"wp-block-citadela-blocks-spacer citadela-block-spacer\"><div class=\"inner-holder\" style=\"padding-top:2.5em\"><\/div><\/div>\n\n\n\n<div class=\"wp-block-columns is-layout-flex wp-container-core-columns-is-layout-9d6595d7 wp-block-columns-is-layout-flex\">\n<div class=\"wp-block-column is-layout-flow wp-block-column-is-layout-flow\" style=\"flex-basis:20em\">         <div \n            class=\"citadela-block-responsive-text align-left\"\n                                 >\n            <h4 class=\"inner-tag\" style=\"font-size: 14px; letter-spacing: 0.2em; color: #f1cb93;\">ZADZWO\u0143 DO NAS<\/h4>         <\/div>\n      \n\n         <div \n            class=\"citadela-block-responsive-text weight-400 align-left\"\n                                 >\n            <p class=\"inner-tag\" style=\"font-size: 24px; font-weight: 400; line-height: 1.6; color: #ebe9e8; text-decoration: underline;\"><a href=\"tel:+012-345-6789\"><mark style=\"background-color:rgba(0, 0, 0, 0)\" class=\"has-inline-color has-white-color\">+48 <\/mark><\/a>692-950-680<\/p>         <\/div>\n      \n\n\n<hr class=\"wp-block-separator has-text-color has-css-opacity has-background is-style-wide\" style=\"background-color:#4a4643;color:#4a4643\"\/>\n\n\n         <div \n            class=\"citadela-block-responsive-text align-left\"\n                                 >\n            <h4 class=\"inner-tag\" style=\"font-size: 14px; letter-spacing: 0.2em; color: #f1cb93;\">EMAIL<\/h4>         <\/div>\n      \n\n         <div \n            class=\"citadela-block-responsive-text weight-400 align-left\"\n                                 >\n            <p class=\"inner-tag\" style=\"font-size: 24px; font-weight: 400; line-height: 1.6; color: #ebe9e8; text-decoration: underline;\">biuro@ks-metal.pl<\/p>         <\/div>\n      \n\n\n<hr class=\"wp-block-separator has-text-color has-css-opacity has-background is-style-wide\" style=\"background-color:#4a4643;color:#4a4643\"\/>\n<\/div>\n<\/div>\n\n\n\n<div class=\"wp-block-citadela-blocks-spacer citadela-block-spacer negative-height\"><div class=\"inner-holder\" style=\"margin-top:-1.75em\"><\/div><\/div>\n\n\n\n<div class=\"wp-block-citadela-blocks-spacer citadela-block-spacer responsive-options loading\" data-block-attr=\"{&quot;desktop&quot;:{&quot;height&quot;:&quot;4vw&quot;},&quot;mobile&quot;:{&quot;height&quot;:&quot;-4em&quot;,&quot;negative&quot;:true}}\" data-block-mobile-breakpoint=\"600\"><div class=\"inner-holder\" style=\"padding-top:4vw\"><\/div><\/div>\n<\/div><\/div>\n<\/div>\n\n\n\n<div class=\"wp-block-column is-vertically-aligned-bottom is-layout-flow wp-block-column-is-layout-flow\">\n<div class=\"wp-block-citadela-blocks-custom-container citadela-block-custom-container size-content bg-type-none inside-space-large has-shadow\" style=\"box-shadow:inset 1px 0px 0px 0px rgba(255, 255, 255, 0.2)\"><div class=\"inner-holder\">\n<div class=\"wp-block-citadela-blocks-spacer citadela-block-spacer negative-height responsive-options loading\" data-block-attr=\"{&quot;desktop&quot;:{&quot;height&quot;:&quot;-50px&quot;,&quot;negative&quot;:true},&quot;mobile&quot;:{&quot;height&quot;:&quot;-25px&quot;,&quot;negative&quot;:true}}\" data-block-mobile-breakpoint=\"400\"><div class=\"inner-holder\" style=\"margin-top:-50px\"><\/div><\/div>\n\n\n\n<div class=\"wp-block-citadela-blocks-service citadela-block-service main-holder layout-list header-type-icon has-readmore standard\"><div class=\"service-header\"><div class=\"service-icon\"><a href=\"https:\/\/ks-metal.pl\/item\/citadela-workshop\/\"><i class=\"fas fa-map-marker-alt\" style=\"color:#f1cb93\"><\/i><\/a><\/div><\/div><div class=\"service-content\"><div class=\"service-content-wrap\"><a href=\"https:\/\/ks-metal.pl\/item\/citadela-workshop\/\"><h3 class=\"service-title\" style=\"color:#ffffff\">Gdzie si\u0119 mie\u015bcimy ?<br\/><br\/>D\u0105br\u00f3wka-Niwka 4<br\/>08-114 (gmina Sk\u00f3rzec)<br\/>mazowieckie<\/h3><\/a><a href=\"https:\/\/ks-metal.pl\/item\/citadela-workshop\/\" class=\"service-readmore\"><span class=\"service-readmore-text\">Workshop Details<\/span><\/a><\/div><\/div><\/div>\n\n\n\n<div class=\"wp-block-citadela-blocks-spacer citadela-block-spacer responsive-options loading\" data-block-attr=\"{&quot;desktop&quot;:{&quot;height&quot;:&quot;4vw&quot;},&quot;mobile&quot;:{&quot;height&quot;:&quot;0.5em&quot;}}\" data-block-mobile-breakpoint=\"600\"><div class=\"inner-holder\" style=\"padding-top:4vw\"><\/div><\/div>\n<\/div><\/div>\n<\/div>\n<\/div>\n\n\n\n<div class=\"wp-block-citadela-blocks-spacer citadela-block-spacer negative-height\"><div class=\"inner-holder\" style=\"margin-top:-2.25em\"><\/div><\/div>\n<\/div><\/div>\n\n\n\n<div class=\"wp-block-citadela-blocks-spacer citadela-block-spacer\"><div class=\"inner-holder\" style=\"padding-top:20px\"><\/div><\/div>\n\n\n\n<div class=\"wp-block-columns alignwide is-layout-flex wp-container-core-columns-is-layout-9d6595d7 wp-block-columns-is-layout-flex\">\n<div class=\"wp-block-column is-layout-flow wp-block-column-is-layout-flow\">\n<div class=\"wp-block-citadela-blocks-custom-container citadela-block-custom-container size-wide bg-type-none inside-space-large has-shadow\" style=\"box-shadow:inset 1px 0px 0px 0px rgba(0, 0, 0, 0.15)\"><div class=\"inner-holder\">\n<div class=\"wp-block-columns is-layout-flex wp-container-core-columns-is-layout-9d6595d7 wp-block-columns-is-layout-flex\">\n<div class=\"wp-block-column is-layout-flow wp-block-column-is-layout-flow\" style=\"flex-basis:82%\">         <div \n            class=\"citadela-block-responsive-text align-left no-margins\"\n                                 >\n            <h2 class=\"inner-tag\" style=\"\">Zapraszamy do odwiedzenia nas w naszej Pracowni innowacji<\/h2>         <\/div>\n      \n\n\n<div class=\"wp-block-citadela-blocks-spacer citadela-block-spacer\"><div class=\"inner-holder\" style=\"padding-top:2em\"><\/div><\/div>\n\n\n         <div \n            class=\"citadela-block-responsive-text align-left no-margins\"\n                                 >\n            <p class=\"inner-tag\" style=\"font-size: 18px; line-height: 1.75;\">Mo\u017cecie Pa\u0144stwo r\u00f3wnie\u017c skontaktowa\u0107 si\u0119 z nami drog\u0105 elektroniczn\u0105 jak i poprzez kontakt telefoniczny. <br>Na wszystkie pytania drog\u0105 elektroniczn\u0105, odpowiadamy w przeci\u0105gu 24 godzin.<\/p>         <\/div>\n      <\/div>\n<\/div>\n\n\n\n<div class=\"wp-block-columns is-layout-flex wp-container-core-columns-is-layout-9d6595d7 wp-block-columns-is-layout-flex\">\n<div class=\"wp-block-column is-layout-flow wp-block-column-is-layout-flow\" style=\"flex-basis:100%\">\n<div class=\"wp-block-citadela-blocks-spacer citadela-block-spacer negative-height responsive-options loading\" data-block-attr=\"{&quot;desktop&quot;:{&quot;height&quot;:&quot;-4.5em&quot;,&quot;negative&quot;:true},&quot;mobile&quot;:{&quot;height&quot;:&quot;-2.75em&quot;,&quot;negative&quot;:true}}\" data-block-mobile-breakpoint=\"400\"><div class=\"inner-holder\" style=\"margin-top:-4.5em\"><\/div><\/div>\n<\/div>\n<\/div>\n\n\n\n<div class=\"wp-block-jetpack-contact-form\" style=\"padding-top:16px;padding-right:16px;padding-bottom:16px;padding-left:16px\">\n\n\n\n\n\n<\/div>\n<\/div><\/div>\n<\/div>\n\n\n\n<div class=\"wp-block-column is-vertically-aligned-bottom is-layout-flow wp-block-column-is-layout-flow\" style=\"flex-basis:250px\">\n<ul class=\"wp-block-social-links has-large-icon-size has-icon-color has-icon-background-color is-style-default is-layout-flex wp-block-social-links-is-layout-flex\"><li style=\"color: #44362f; background-color: #f1cb93; \" class=\"wp-social-link wp-social-link-facebook  wp-block-social-link\"><a href=\"#\" class=\"wp-block-social-link-anchor\"><svg width=\"24\" height=\"24\" viewBox=\"0 0 24 24\" version=\"1.1\" xmlns=\"http:\/\/www.w3.org\/2000\/svg\" aria-hidden=\"true\" focusable=\"false\"><path d=\"M12 2C6.5 2 2 6.5 2 12c0 5 3.7 9.1 8.4 9.9v-7H7.9V12h2.5V9.8c0-2.5 1.5-3.9 3.8-3.9 1.1 0 2.2.2 2.2.2v2.5h-1.3c-1.2 0-1.6.8-1.6 1.6V12h2.8l-.4 2.9h-2.3v7C18.3 21.1 22 17 22 12c0-5.5-4.5-10-10-10z\"><\/path><\/svg><span class=\"wp-block-social-link-label screen-reader-text\">Facebook<\/span><\/a><\/li>\n\n<li style=\"color: #44362f; background-color: #f1cb93; \" class=\"wp-social-link wp-social-link-instagram  wp-block-social-link\"><a href=\"#\" class=\"wp-block-social-link-anchor\"><svg width=\"24\" height=\"24\" viewBox=\"0 0 24 24\" version=\"1.1\" xmlns=\"http:\/\/www.w3.org\/2000\/svg\" aria-hidden=\"true\" focusable=\"false\"><path d=\"M12,4.622c2.403,0,2.688,0.009,3.637,0.052c0.877,0.04,1.354,0.187,1.671,0.31c0.42,0.163,0.72,0.358,1.035,0.673 c0.315,0.315,0.51,0.615,0.673,1.035c0.123,0.317,0.27,0.794,0.31,1.671c0.043,0.949,0.052,1.234,0.052,3.637 s-0.009,2.688-0.052,3.637c-0.04,0.877-0.187,1.354-0.31,1.671c-0.163,0.42-0.358,0.72-0.673,1.035 c-0.315,0.315-0.615,0.51-1.035,0.673c-0.317,0.123-0.794,0.27-1.671,0.31c-0.949,0.043-1.233,0.052-3.637,0.052 s-2.688-0.009-3.637-0.052c-0.877-0.04-1.354-0.187-1.671-0.31c-0.42-0.163-0.72-0.358-1.035-0.673 c-0.315-0.315-0.51-0.615-0.673-1.035c-0.123-0.317-0.27-0.794-0.31-1.671C4.631,14.688,4.622,14.403,4.622,12 s0.009-2.688,0.052-3.637c0.04-0.877,0.187-1.354,0.31-1.671c0.163-0.42,0.358-0.72,0.673-1.035 c0.315-0.315,0.615-0.51,1.035-0.673c0.317-0.123,0.794-0.27,1.671-0.31C9.312,4.631,9.597,4.622,12,4.622 M12,3 C9.556,3,9.249,3.01,8.289,3.054C7.331,3.098,6.677,3.25,6.105,3.472C5.513,3.702,5.011,4.01,4.511,4.511 c-0.5,0.5-0.808,1.002-1.038,1.594C3.25,6.677,3.098,7.331,3.054,8.289C3.01,9.249,3,9.556,3,12c0,2.444,0.01,2.751,0.054,3.711 c0.044,0.958,0.196,1.612,0.418,2.185c0.23,0.592,0.538,1.094,1.038,1.594c0.5,0.5,1.002,0.808,1.594,1.038 c0.572,0.222,1.227,0.375,2.185,0.418C9.249,20.99,9.556,21,12,21s2.751-0.01,3.711-0.054c0.958-0.044,1.612-0.196,2.185-0.418 c0.592-0.23,1.094-0.538,1.594-1.038c0.5-0.5,0.808-1.002,1.038-1.594c0.222-0.572,0.375-1.227,0.418-2.185 C20.99,14.751,21,14.444,21,12s-0.01-2.751-0.054-3.711c-0.044-0.958-0.196-1.612-0.418-2.185c-0.23-0.592-0.538-1.094-1.038-1.594 c-0.5-0.5-1.002-0.808-1.594-1.038c-0.572-0.222-1.227-0.375-2.185-0.418C14.751,3.01,14.444,3,12,3L12,3z M12,7.378 c-2.552,0-4.622,2.069-4.622,4.622S9.448,16.622,12,16.622s4.622-2.069,4.622-4.622S14.552,7.378,12,7.378z M12,15 c-1.657,0-3-1.343-3-3s1.343-3,3-3s3,1.343,3,3S13.657,15,12,15z M16.804,6.116c-0.596,0-1.08,0.484-1.08,1.08 s0.484,1.08,1.08,1.08c0.596,0,1.08-0.484,1.08-1.08S17.401,6.116,16.804,6.116z\"><\/path><\/svg><span class=\"wp-block-social-link-label screen-reader-text\">Instagram<\/span><\/a><\/li>\n\n<li style=\"color: #44362f; background-color: #f1cb93; \" class=\"wp-social-link wp-social-link-twitter  wp-block-social-link\"><a href=\"#\" class=\"wp-block-social-link-anchor\"><svg width=\"24\" height=\"24\" viewBox=\"0 0 24 24\" version=\"1.1\" xmlns=\"http:\/\/www.w3.org\/2000\/svg\" aria-hidden=\"true\" focusable=\"false\"><path d=\"M22.23,5.924c-0.736,0.326-1.527,0.547-2.357,0.646c0.847-0.508,1.498-1.312,1.804-2.27 c-0.793,0.47-1.671,0.812-2.606,0.996C18.324,4.498,17.257,4,16.077,4c-2.266,0-4.103,1.837-4.103,4.103 c0,0.322,0.036,0.635,0.106,0.935C8.67,8.867,5.647,7.234,3.623,4.751C3.27,5.357,3.067,6.062,3.067,6.814 c0,1.424,0.724,2.679,1.825,3.415c-0.673-0.021-1.305-0.206-1.859-0.513c0,0.017,0,0.034,0,0.052c0,1.988,1.414,3.647,3.292,4.023 c-0.344,0.094-0.707,0.144-1.081,0.144c-0.264,0-0.521-0.026-0.772-0.074c0.522,1.63,2.038,2.816,3.833,2.85 c-1.404,1.1-3.174,1.756-5.096,1.756c-0.331,0-0.658-0.019-0.979-0.057c1.816,1.164,3.973,1.843,6.29,1.843 c7.547,0,11.675-6.252,11.675-11.675c0-0.178-0.004-0.355-0.012-0.531C20.985,7.47,21.68,6.747,22.23,5.924z\"><\/path><\/svg><span class=\"wp-block-social-link-label screen-reader-text\">Twitter<\/span><\/a><\/li>\n\n<li style=\"color: #44362f; background-color: #f1cb93; \" class=\"wp-social-link wp-social-link-linkedin  wp-block-social-link\"><a href=\"#\" class=\"wp-block-social-link-anchor\"><svg width=\"24\" height=\"24\" viewBox=\"0 0 24 24\" version=\"1.1\" xmlns=\"http:\/\/www.w3.org\/2000\/svg\" aria-hidden=\"true\" focusable=\"false\"><path d=\"M19.7,3H4.3C3.582,3,3,3.582,3,4.3v15.4C3,20.418,3.582,21,4.3,21h15.4c0.718,0,1.3-0.582,1.3-1.3V4.3 C21,3.582,20.418,3,19.7,3z M8.339,18.338H5.667v-8.59h2.672V18.338z M7.004,8.574c-0.857,0-1.549-0.694-1.549-1.548 c0-0.855,0.691-1.548,1.549-1.548c0.854,0,1.547,0.694,1.547,1.548C8.551,7.881,7.858,8.574,7.004,8.574z M18.339,18.338h-2.669 v-4.177c0-0.996-0.017-2.278-1.387-2.278c-1.389,0-1.601,1.086-1.601,2.206v4.249h-2.667v-8.59h2.559v1.174h0.037 c0.356-0.675,1.227-1.387,2.526-1.387c2.703,0,3.203,1.779,3.203,4.092V18.338z\"><\/path><\/svg><span class=\"wp-block-social-link-label screen-reader-text\">LinkedIn<\/span><\/a><\/li><\/ul>\n\n\n\n<div class=\"wp-block-citadela-blocks-spacer citadela-block-spacer\"><div class=\"inner-holder\" style=\"padding-top:3em\"><\/div><\/div>\n\n\n\n<div class=\"wp-block-citadela-blocks-spacer citadela-block-spacer negative-height\"><div class=\"inner-holder\" style=\"margin-top:-56px\"><\/div><\/div>\n<\/div>\n<\/div>\n\n\n\n<div class=\"wp-block-citadela-blocks-spacer citadela-block-spacer\"><div class=\"inner-holder\" style=\"padding-top:20px\"><\/div><\/div>\n\n\n<p style=\"text-align: left;\">Wsp\u00f3\u0142rz\u0119dne: Szeroko\u015b\u0107: 22.13798224926 oraz d\u0142ugo\u015b\u0107 geograficzna 22.13798224926<\/p>\n\n\n<div class=\"wp-block-columns alignwide is-layout-flex wp-container-core-columns-is-layout-9d6595d7 wp-block-columns-is-layout-flex\">\n<div class=\"wp-block-column is-layout-flow wp-block-column-is-layout-flow\" style=\"flex-basis:55%\"><\/div>\n\n\n\n<div class=\"wp-block-column is-layout-flow wp-block-column-is-layout-flow\">\n<div class=\"wp-block-citadela-blocks-spacer citadela-block-spacer negative-height responsive-options loading\" data-block-attr=\"{&quot;desktop&quot;:{&quot;height&quot;:&quot;-8px&quot;,&quot;negative&quot;:true},&quot;mobile&quot;:{&quot;height&quot;:&quot;12px&quot;}}\" data-block-mobile-breakpoint=\"600\"><div class=\"inner-holder\" style=\"margin-top:-8px\"><\/div><\/div>\n\n\n\n<div class=\"wp-block-citadela-blocks-spacer citadela-block-spacer negative-height\"><div class=\"inner-holder\" style=\"margin-top:-8px\"><\/div><\/div>\n\n\n\n<div class=\"wp-block-cover has-custom-content-position is-position-top-left\"><span aria-hidden=\"true\" class=\"wp-block-cover__background has-background-dim\"><\/span><img data-recalc-dims=\"1\" loading=\"lazy\" decoding=\"async\" width=\"1024\" height=\"684\" class=\"wp-block-cover__image-background wp-image-673\" alt=\"\" src=\"https:\/\/i0.wp.com\/ks-metal.pl\/wp-content\/uploads\/2023\/04\/nastuh-abootalebi-eHD8Y1Znfpk-unsplash.jpg?resize=1024%2C684&#038;ssl=1\" data-object-fit=\"cover\" srcset=\"https:\/\/i0.wp.com\/ks-metal.pl\/wp-content\/uploads\/2023\/04\/nastuh-abootalebi-eHD8Y1Znfpk-unsplash.jpg?resize=1024%2C684&amp;ssl=1 1024w, https:\/\/i0.wp.com\/ks-metal.pl\/wp-content\/uploads\/2023\/04\/nastuh-abootalebi-eHD8Y1Znfpk-unsplash.jpg?resize=300%2C200&amp;ssl=1 300w, https:\/\/i0.wp.com\/ks-metal.pl\/wp-content\/uploads\/2023\/04\/nastuh-abootalebi-eHD8Y1Znfpk-unsplash.jpg?resize=768%2C513&amp;ssl=1 768w, https:\/\/i0.wp.com\/ks-metal.pl\/wp-content\/uploads\/2023\/04\/nastuh-abootalebi-eHD8Y1Znfpk-unsplash.jpg?resize=1536%2C1025&amp;ssl=1 1536w, https:\/\/i0.wp.com\/ks-metal.pl\/wp-content\/uploads\/2023\/04\/nastuh-abootalebi-eHD8Y1Znfpk-unsplash.jpg?resize=2048%2C1367&amp;ssl=1 2048w, https:\/\/i0.wp.com\/ks-metal.pl\/wp-content\/uploads\/2023\/04\/nastuh-abootalebi-eHD8Y1Znfpk-unsplash.jpg?resize=1320%2C881&amp;ssl=1 1320w, https:\/\/i0.wp.com\/ks-metal.pl\/wp-content\/uploads\/2023\/04\/nastuh-abootalebi-eHD8Y1Znfpk-unsplash.jpg?resize=700%2C467&amp;ssl=1 700w, https:\/\/i0.wp.com\/ks-metal.pl\/wp-content\/uploads\/2023\/04\/nastuh-abootalebi-eHD8Y1Znfpk-unsplash.jpg?resize=150%2C100&amp;ssl=1 150w\" sizes=\"auto, (max-width: 1000px) 100vw, 1000px\" \/><div class=\"wp-block-cover__inner-container is-layout-flow wp-block-cover-is-layout-flow\">\n<p class=\"has-text-align-center o-typing-delay-1s has-large-font-size\"><o-anim-typing>Siedziba firmy<\/o-anim-typing><\/p>\n<\/div><\/div>\n<\/div>\n<\/div>\n\n\n\n<div class=\"wp-block-citadela-blocks-custom-container citadela-block-custom-container size-wide bg-type-color inside-space-small has-bg\" style=\"background-color:rgba(30, 24, 21, 1)\"><div class=\"inner-holder\">\n<div class=\"wp-block-citadela-blocks-spacer citadela-block-spacer\"><div class=\"inner-holder\" style=\"padding-top:0.5em\"><\/div><\/div>\n\n\n\n<div class=\"wp-block-citadela-blocks-opening-hours citadela-block-opening-hours layout-box align-left custom-border-color custom-label-color custom-data-color\"><div class=\"oh-day\" style=\"flex-basis:150px;;border-color:rgba(0, 0, 0, 0)\"><div class=\"oh-label\" style=\"color:#f1cb93\"><p>Poniedzia\u0142ek<\/p><\/div><div class=\"oh-data\" style=\"color:#d5ccc8\"><p>7:00 &#8211; 16:00<\/p><\/div><\/div><div class=\"oh-day\" style=\"flex-basis:150px;;border-color:rgba(0, 0, 0, 0)\"><div class=\"oh-label\" style=\"color:#f1cb93\"><p><strong>Wtorek<\/strong><\/p><\/div><div class=\"oh-data\" style=\"color:#d5ccc8\"><p>7:00 &#8211; 16:00<\/p><\/div><\/div><div class=\"oh-day\" style=\"flex-basis:150px;;border-color:rgba(0, 0, 0, 0)\"><div class=\"oh-label\" style=\"color:#f1cb93\"><p><strong>\u015aroda<\/strong><\/p><\/div><div class=\"oh-data\" style=\"color:#d5ccc8\"><p>7:00 &#8211; 16:00<\/p><\/div><\/div><div class=\"oh-day\" style=\"flex-basis:150px;;border-color:rgba(0, 0, 0, 0)\"><div class=\"oh-label\" style=\"color:#f1cb93\"><p><strong>Czwartek<\/strong><\/p><\/div><div class=\"oh-data\" style=\"color:#d5ccc8\"><p>7:00 &#8211; 16:00<\/p><\/div><\/div><div class=\"oh-day\" style=\"flex-basis:150px;;border-color:rgba(0, 0, 0, 0)\"><div class=\"oh-label\" style=\"color:#f1cb93\"><p><strong>Pi\u0105tek<\/strong><\/p><\/div><div class=\"oh-data\" style=\"color:#d5ccc8\"><p>7:00 &#8211; 16:00<\/p><\/div><\/div><\/div>\n\n\n\n<div class=\"wp-block-citadela-blocks-spacer citadela-block-spacer\"><div class=\"inner-holder\" style=\"padding-top:0.1em\"><\/div><\/div>\n\n\n\n<hr class=\"wp-block-separator has-text-color has-css-opacity has-background is-style-wide\" style=\"background-color:#35302d;color:#35302d\"\/>\n<\/div><\/div>\n\n\n\n<div class=\"wp-block-citadela-blocks-spacer citadela-block-spacer negative-height\"><div class=\"inner-holder\" style=\"margin-top:-7em\"><\/div><\/div>\n","protected":false},"excerpt":{"rendered":"<p>Wsp\u00f3\u0142rz\u0119dne: Szeroko\u015b\u0107: 22.13798224926 oraz d\u0142ugo\u015b\u0107 geograficzna 22.13798224926<\/p>\n","protected":false},"author":1,"featured_media":0,"parent":0,"menu_order":0,"comment_status":"closed","ping_status":"closed","template":"","meta":{"_citadela_hide_page_title":"1","_citadela_remove_header_space":"1","_citadela_custom_class":"","_citadela_header":true,"_citadela_header_over_content":true,"_citadela_header_text_color":"","_citadela_header_logo":[],"_citadela_header_bg_image":[],"_citadela_header_bg_position":{"x":0.5,"y":0.5},"_citadela_header_bg_size":"cover","_citadela_header_bg_repeat":"no-repeat","_citadela_header_bg_fixed":false,"_citadela_header_bg_color":"rgba(217, 43, 43, 1)","_citadela_header_bg_image_overlay":"","_citadela_header_transparent_bg":false,"_citadela_content_width":"","footnotes":""},"class_list":["post-294","page","type-page","status-publish","hentry"],"_links":{"self":[{"href":"https:\/\/ks-metal.pl\/index.php\/wp-json\/wp\/v2\/pages\/294","targetHints":{"allow":["GET"]}}],"collection":[{"href":"https:\/\/ks-metal.pl\/index.php\/wp-json\/wp\/v2\/pages"}],"about":[{"href":"https:\/\/ks-metal.pl\/index.php\/wp-json\/wp\/v2\/types\/page"}],"author":[{"embeddable":true,"href":"https:\/\/ks-metal.pl\/index.php\/wp-json\/wp\/v2\/users\/1"}],"replies":[{"embeddable":true,"href":"https:\/\/ks-metal.pl\/index.php\/wp-json\/wp\/v2\/comments?post=294"}],"version-history":[{"count":24,"href":"https:\/\/ks-metal.pl\/index.php\/wp-json\/wp\/v2\/pages\/294\/revisions"}],"predecessor-version":[{"id":776,"href":"https:\/\/ks-metal.pl\/index.php\/wp-json\/wp\/v2\/pages\/294\/revisions\/776"}],"wp:attachment":[{"href":"https:\/\/ks-metal.pl\/index.php\/wp-json\/wp\/v2\/media?parent=294"}],"curies":[{"name":"wp","href":"https:\/\/api.w.org\/{rel}","templated":true}]}}